{"id":1501,"date":"2025-11-25T13:21:12","date_gmt":"2025-11-25T12:21:12","guid":{"rendered":"https:\/\/serwer2538963.home.pl\/milicoresystem\/?page_id=1501"},"modified":"2025-12-01T15:05:58","modified_gmt":"2025-12-01T14:05:58","slug":"kontakt","status":"publish","type":"page","link":"https:\/\/milicoresystem.com\/de\/kontakt\/","title":{"rendered":"Kontakt"},"content":{"rendered":"<div data-elementor-type=\"wp-page\" data-elementor-id=\"1501\" class=\"elementor elementor-1501\">\n\t\t\t\t<div class=\"elementor-element elementor-element-798fc05c e-flex e-con-boxed e-con e-parent\" data-id=\"798fc05c\" data-element_type=\"container\">\n\t\t\t\t\t<div class=\"e-con-inner\">\n\t\t<div class=\"elementor-element elementor-element-8575687 e-con-full e-flex e-con e-child\" data-id=\"8575687\" data-element_type=\"container\">\n\t\t<div class=\"elementor-element elementor-element-460e33b e-con-full e-flex e-con e-child\" data-id=\"460e33b\" data-element_type=\"container\">\n\t\t\t\t<div class=\"elementor-element elementor-element-3008d9a9 elementor-widget__width-inherit lqd-text-tag-h2 elementor-widget elementor-widget-lqd-text\" data-id=\"3008d9a9\" data-element_type=\"widget\" data-widget_type=\"lqd-text.default\">\n\t\t\t\t<div class=\"elementor-widget-container\">\n\t\t\t\t\t<h2 class=\"lqd-text-el m-0 p-0\"><mark class=\"lqd-text-item relative elementor-repeater-item-7a2abcb relative lqd-highlight lqd-text-highlight z-1 bg-inherit text-inherit\">Rufen Sie an<br> oder f\u00fcllen Sie das Formular aus<span class=\"absolute lqd-highlight-wrap\"><svg class=\"w-full h-full absolute -z-1 lqd-highlight-svg lqd-highlight-svg-rect\" aria-hidden=\"true\" preserveaspectratio=\"none\" width=\"100\" height=\"100\" viewbox=\"0 0 100 100\" xmlns=\"http:\/\/www.w3.org\/2000\/svg\" fill=\"url(#item-3008d9a9-7a2abcb-fill)\"><defs>\n\t\t\t\t<lineargradient id=\"item-3008d9a9-7a2abcb-fill\" x1=\"0\" y1=\"0\" x2=\"100%\" y2=\"0\">\n\t\t\t\t\t<stop offset=\"0%\" stop-color=\"currentColor\" \/>\n\t\t\t\t<\/lineargradient>\n\t\t\t<\/defs><path d=\"M0 0H100V100H0V0Z\"\/><\/svg><\/span><\/mark><\/h2>\t\t\t\t<\/div>\n\t\t\t\t<\/div>\n\t\t\t\t<\/div>\n\t\t<div class=\"elementor-element elementor-element-13c2c31c e-con-full e-flex e-con e-child\" data-id=\"13c2c31c\" data-element_type=\"container\" data-settings=\"{&quot;background_background&quot;:&quot;classic&quot;}\">\n\t\t\t\t<div class=\"elementor-element elementor-element-a7f9bc6 elementor-widget__width-inherit lqd-box-separate-content-placement-start lqd-box-image-top elementor-widget elementor-widget-lqd-box lqd-widget-container-flex lqd-group-box\" data-id=\"a7f9bc6\" data-element_type=\"widget\" data-widget_type=\"lqd-box.default\">\n\t\t\t\t<div class=\"elementor-widget-container\">\n\t\t\t\t\t\n\t\t<div class=\"lqd-box-content relative z-1 transition-all flex flex-row-reverse\">\n\n\t\t\t\n\t\t\t<div class=\"lqd-box-content-separate relative\">\n\t\t\t<h5 class=\"items-center relative mb-0 transition-effects lqd-box-title\">MILICORE SP. Z O.O.<\/h5><h6 class=\"items-center relative mt-0 mb-0 transition-effects lqd-box-subtitle\"><br>Steuernummer: 8952285936<br> KRS: 0001166250 <\/h6>\t\t\t<\/div>\n\t\t\t\t\t<div class=\"lqd-box-content-separate transition-all relative\">\n\t\t\n\t\t<span class=\"lqd-box-icon inline-flex shrink-0 grow-0 basis-auto items-center justify-center relative transition-all\">\n\t\t<span class=\"lqd-bg-layer lqd-animated-gradient-wrap lqd-bg-animated-gradient-wrap block w-full h-full rounded-inherit overflow-hidden elementor-repeater-item-5ef8d7e-a7f9bc6 pointer-events-none lqd-bg-layer-box-icon absolute top-0 start-0 z-0\">\n\t\t\t<svg width=\"100\" height=\"100\" class=\"absolute top-0 start-0 w-full h-full\" preserveaspectratio=\"none\">\n\t\t\t\t<defs>\n\t\t\t\t\t<lineargradient id=\"lqd-bg-gradient-a7f9bc6\" x1=\"0.088163490354232\" y1=\"0\" x2=\"0.91183650964577\" y2=\"1\">\n\t\t\t\t\t\t<stop offset=\"0%\" stop-color=\"#FFD84F\">\n\t\t\t\t\t\t\t<animate dur=\"8\" repeatcount=\"indefinite\" attributename=\"stop-color\" values=\"#FFD84F;#FFD84F\"><\/animate>\n\t\t\t\t\t\t<\/stop>\n\t\t\t\t\t\t<stop offset=\"100%\" stop-color=\"#FFD84F\">\n\t\t\t\t\t\t\t<animate dur=\"8\" repeatcount=\"indefinite\" attributename=\"stop-color\" values=\"#FFD84F;#FFD84F\"><\/animate>\n\t\t\t\t\t\t<\/stop>\n\t\t\t\t\t<\/lineargradient>\n\t\t\t\t<\/defs>\n\t\t\t\t<rect width=\"100%\" height=\"100%\" class=\"w-full h-full\" fill=\"url(#lqd-bg-gradient-a7f9bc6)\" \/>\n\t\t\t<\/svg>\n\t\t<\/span>\n\n\t\t<svg xmlns=\"http:\/\/www.w3.org\/2000\/svg\" width=\"20\" height=\"21\" viewbox=\"0 0 20 21\" fill=\"none\"><path d=\"M5.975 15.7563L10 13.9313L14.025 15.7563L14.4 15.3813L10 4.75635L5.6 15.3813L5.975 15.7563ZM10 20.7563C8.61667 20.7563 7.31667 20.4938 6.1 19.9688C4.88333 19.4438 3.825 18.7313 2.925 17.8313C2.025 16.9313 1.3125 15.873 0.7875 14.6563C0.2625 13.4397 0 12.1397 0 10.7563C0 9.37301 0.2625 8.07301 0.7875 6.85635C1.3125 5.63968 2.025 4.58135 2.925 3.68135C3.825 2.78135 4.88333 2.06885 6.1 1.54385C7.31667 1.01885 8.61667 0.756348 10 0.756348C11.3833 0.756348 12.6833 1.01885 13.9 1.54385C15.1167 2.06885 16.175 2.78135 17.075 3.68135C17.975 4.58135 18.6875 5.63968 19.2125 6.85635C19.7375 8.07301 20 9.37301 20 10.7563C20 12.1397 19.7375 13.4397 19.2125 14.6563C18.6875 15.873 17.975 16.9313 17.075 17.8313C16.175 18.7313 15.1167 19.4438 13.9 19.9688C12.6833 20.4938 11.3833 20.7563 10 20.7563ZM10 18.7563C12.2333 18.7563 14.125 17.9813 15.675 16.4313C17.225 14.8813 18 12.9897 18 10.7563C18 8.52301 17.225 6.63135 15.675 5.08135C14.125 3.53135 12.2333 2.75635 10 2.75635C7.76667 2.75635 5.875 3.53135 4.325 5.08135C2.775 6.63135 2 8.52301 2 10.7563C2 12.9897 2.775 14.8813 4.325 16.4313C5.875 17.9813 7.76667 18.7563 10 18.7563Z\" fill=\"#102338\"><\/path><\/svg><\/span>\n\n\t\t\t\t<\/div>\n\t\t\n\t\t<\/div>\n\n\t\t\t\t\t\t<\/div>\n\t\t\t\t<\/div>\n\t\t\t\t<div class=\"elementor-element elementor-element-588cc69a elementor-widget__width-inherit lqd-box-separate-content-placement-start lqd-box-image-top elementor-widget elementor-widget-lqd-box lqd-widget-container-flex lqd-group-box\" data-id=\"588cc69a\" data-element_type=\"widget\" data-widget_type=\"lqd-box.default\">\n\t\t\t\t<div class=\"elementor-widget-container\">\n\t\t\t\t\t\n\t\t<div class=\"lqd-box-content relative z-1 transition-all flex flex-row-reverse\">\n\n\t\t\t\n\t\t\t<div class=\"lqd-box-content-separate relative\">\n\t\t\t<h5 class=\"items-center relative mb-0 transition-effects lqd-box-title\">E-Mail:<\/h5><h6 class=\"items-center relative mt-0 mb-0 transition-effects lqd-box-subtitle\"><br>office@milicoresystem.com<\/h6>\t\t\t<\/div>\n\t\t\t\t\t<div class=\"lqd-box-content-separate transition-all relative\">\n\t\t\n\t\t<span class=\"lqd-box-icon inline-flex shrink-0 grow-0 basis-auto items-center justify-center relative transition-all\">\n\t\t<span class=\"lqd-bg-layer lqd-animated-gradient-wrap lqd-bg-animated-gradient-wrap block w-full h-full rounded-inherit overflow-hidden elementor-repeater-item-5ef8d7e-588cc69a pointer-events-none lqd-bg-layer-box-icon absolute top-0 start-0 z-0\">\n\t\t\t<svg width=\"100\" height=\"100\" class=\"absolute top-0 start-0 w-full h-full\" preserveaspectratio=\"none\">\n\t\t\t\t<defs>\n\t\t\t\t\t<lineargradient id=\"lqd-bg-gradient-588cc69a\" x1=\"0.088163490354232\" y1=\"0\" x2=\"0.91183650964577\" y2=\"1\">\n\t\t\t\t\t\t<stop offset=\"0%\" stop-color=\"#FFD84F\">\n\t\t\t\t\t\t\t<animate dur=\"8\" repeatcount=\"indefinite\" attributename=\"stop-color\" values=\"#FFD84F;#FFD84F\"><\/animate>\n\t\t\t\t\t\t<\/stop>\n\t\t\t\t\t\t<stop offset=\"100%\" stop-color=\"#FFD84F\">\n\t\t\t\t\t\t\t<animate dur=\"8\" repeatcount=\"indefinite\" attributename=\"stop-color\" values=\"#FFD84F;#FFD84F\"><\/animate>\n\t\t\t\t\t\t<\/stop>\n\t\t\t\t\t<\/lineargradient>\n\t\t\t\t<\/defs>\n\t\t\t\t<rect width=\"100%\" height=\"100%\" class=\"w-full h-full\" fill=\"url(#lqd-bg-gradient-588cc69a)\" \/>\n\t\t\t<\/svg>\n\t\t<\/span>\n\n\t\t<svg xmlns=\"http:\/\/www.w3.org\/2000\/svg\" width=\"20\" height=\"20\" viewbox=\"0 0 20 20\" fill=\"none\"><path d=\"M9.99998 19.7563C8.69101 19.7563 7.45704 19.5082 6.29808 19.0121C5.13909 18.5159 4.13108 17.8393 3.27405 16.9823C2.417 16.1252 1.7404 15.1172 1.24425 13.9582C0.748083 12.7993 0.5 11.5653 0.5 10.2563C0.5 8.93069 0.748083 7.69256 1.24425 6.54192C1.7404 5.39127 2.417 4.38743 3.27405 3.5304C4.13108 2.67335 5.13909 1.99675 6.29808 1.5006C7.45704 1.00443 8.69101 0.756348 9.99998 0.756348C11.3256 0.756348 12.5637 1.00443 13.7144 1.5006C14.865 1.99675 15.8689 2.67335 16.7259 3.5304C17.583 4.38743 18.2596 5.39127 18.7557 6.54192C19.2519 7.69256 19.5 8.93069 19.5 10.2563V11.4755C19.5 12.3883 19.1865 13.1633 18.5596 13.8005C17.9326 14.4377 17.1628 14.7563 16.25 14.7563C15.6179 14.7563 15.058 14.6085 14.5702 14.313C14.0823 14.0175 13.6974 13.6242 13.4154 13.1332C13.0038 13.6217 12.5211 14.0143 11.9673 14.3111C11.4134 14.6079 10.7577 14.7563 9.99998 14.7563C8.75128 14.7563 7.6891 14.3185 6.81345 13.4428C5.93782 12.5672 5.5 11.505 5.5 10.2563C5.5 9.00762 5.93782 7.94545 6.81345 7.0698C7.6891 6.19417 8.75128 5.75635 9.99998 5.75635C11.2487 5.75635 12.3109 6.19417 13.1865 7.0698C14.0621 7.94545 14.5 9.00762 14.5 10.2563V11.4755C14.5 12.0037 14.6724 12.4326 15.0173 12.7621C15.3621 13.0916 15.773 13.2563 16.25 13.2563C16.7269 13.2563 17.1378 13.0916 17.4827 12.7621C17.8275 12.4326 18 12.0037 18 11.4755V10.2563C18 8.07299 17.2125 6.19382 15.6375 4.61882C14.0625 3.04382 12.1833 2.25632 9.99998 2.25632C7.81664 2.25632 5.93748 3.04382 4.36248 4.61882C2.78747 6.19382 1.99998 8.07299 1.99998 10.2563C1.99998 12.4397 2.78747 14.3188 4.36248 15.8938C5.93748 17.4688 7.81664 18.2563 9.99998 18.2563H15V19.7563H9.99998ZM9.99998 13.2563C10.8333 13.2563 11.5416 12.9647 12.125 12.3813C12.7083 11.798 13 11.0897 13 10.2563C13 9.42299 12.7083 8.71466 12.125 8.13132C11.5416 7.54799 10.8333 7.25632 9.99998 7.25632C9.16664 7.25632 8.45831 7.54799 7.87498 8.13132C7.29164 8.71466 6.99998 9.42299 6.99998 10.2563C6.99998 11.0897 7.29164 11.798 7.87498 12.3813C8.45831 12.9647 9.16664 13.2563 9.99998 13.2563Z\" fill=\"#102338\"><\/path><\/svg><\/span>\n\n\t\t\t\t<\/div>\n\t\t\n\t\t<\/div>\n\n\t\t\t\t\t<div class=\"absolute top-0 start-0 w-full h-full overflow-hidden z-2 lqd-transform-3d lqd-box-link\">\n\t\t\t\t<a href=\"mailto:office@milicoresystem.com\" class=\"inline-block w-full h-full absolute top-0 start-0 -indent-full\"><\/a>\n\t\t\t<\/div>\n\t\t\t\t\t\t<\/div>\n\t\t\t\t<\/div>\n\t\t\t\t<div class=\"elementor-element elementor-element-214541d2 elementor-widget__width-inherit lqd-box-separate-content-placement-start lqd-box-image-top elementor-widget elementor-widget-lqd-box lqd-widget-container-flex lqd-group-box\" data-id=\"214541d2\" data-element_type=\"widget\" data-widget_type=\"lqd-box.default\">\n\t\t\t\t<div class=\"elementor-widget-container\">\n\t\t\t\t\t\n\t\t<div class=\"lqd-box-content relative z-1 transition-all flex flex-row-reverse\">\n\n\t\t\t\n\t\t\t<div class=\"lqd-box-content-separate relative\">\n\t\t\t<h5 class=\"items-center relative mb-0 transition-effects lqd-box-title\">Telefon<\/h5><h6 class=\"items-center relative mt-0 mb-0 transition-effects lqd-box-subtitle\"><br>+48 883 080 480<\/h6>\t\t\t<\/div>\n\t\t\t\t\t<div class=\"lqd-box-content-separate transition-all relative\">\n\t\t\n\t\t<span class=\"lqd-box-icon inline-flex shrink-0 grow-0 basis-auto items-center justify-center relative transition-all\">\n\t\t<span class=\"lqd-bg-layer lqd-animated-gradient-wrap lqd-bg-animated-gradient-wrap block w-full h-full rounded-inherit overflow-hidden elementor-repeater-item-5ef8d7e-214541d2 pointer-events-none lqd-bg-layer-box-icon absolute top-0 start-0 z-0\">\n\t\t\t<svg width=\"100\" height=\"100\" class=\"absolute top-0 start-0 w-full h-full\" preserveaspectratio=\"none\">\n\t\t\t\t<defs>\n\t\t\t\t\t<lineargradient id=\"lqd-bg-gradient-214541d2\" x1=\"0.088163490354232\" y1=\"0\" x2=\"0.91183650964577\" y2=\"1\">\n\t\t\t\t\t\t<stop offset=\"0%\" stop-color=\"#FFD84F\">\n\t\t\t\t\t\t\t<animate dur=\"8\" repeatcount=\"indefinite\" attributename=\"stop-color\" values=\"#FFD84F;#FFD84F\"><\/animate>\n\t\t\t\t\t\t<\/stop>\n\t\t\t\t\t\t<stop offset=\"100%\" stop-color=\"#FFD84F\">\n\t\t\t\t\t\t\t<animate dur=\"8\" repeatcount=\"indefinite\" attributename=\"stop-color\" values=\"#FFD84F;#FFD84F\"><\/animate>\n\t\t\t\t\t\t<\/stop>\n\t\t\t\t\t<\/lineargradient>\n\t\t\t\t<\/defs>\n\t\t\t\t<rect width=\"100%\" height=\"100%\" class=\"w-full h-full\" fill=\"url(#lqd-bg-gradient-214541d2)\" \/>\n\t\t\t<\/svg>\n\t\t<\/span>\n\n\t\t<svg xmlns=\"http:\/\/www.w3.org\/2000\/svg\" width=\"18\" height=\"18\" viewbox=\"0 0 18 18\" fill=\"none\"><path d=\"M9.34615 8.79475V1.16023C9.34615 0.904146 9.43302 0.689487 9.60675 0.516254C9.78048 0.343004 9.99575 0.256378 10.2526 0.256378H16.5974C16.8542 0.256378 17.0688 0.343004 17.2413 0.516254C17.4137 0.689487 17.5 0.904146 17.5 1.16023V5.4294C17.5 5.68549 17.4133 5.90015 17.2401 6.0734C17.0668 6.24664 16.8522 6.33325 16.5961 6.33325H11.8077L9.34615 8.79475ZM10.8461 4.83328H16V1.75635H10.8461V4.83328ZM16.4403 17.2563C14.5557 17.2563 12.6625 16.8182 10.7606 15.9419C8.85863 15.0656 7.11121 13.8294 5.51828 12.2333C3.92533 10.6371 2.69071 8.88968 1.81442 6.99098C0.938142 5.09226 0.5 3.2006 0.5 1.316C0.5 1.01325 0.6 0.760963 0.8 0.559129C1 0.357296 1.25 0.256378 1.55 0.256378H4.8115C5.06407 0.256378 5.28682 0.338753 5.47977 0.503503C5.67272 0.668253 5.79548 0.871779 5.84803 1.11408L6.4211 4.05635C6.46085 4.32944 6.45252 4.56405 6.3961 4.7602C6.3397 4.95635 6.23842 5.1211 6.09225 5.25443L3.78265 7.5025C4.15445 8.18327 4.57913 8.82718 5.0567 9.43423C5.53427 10.0413 6.05125 10.6211 6.60765 11.1737C7.15638 11.7224 7.73973 12.232 8.35768 12.7025C8.97563 13.173 9.64293 13.6109 10.3596 14.016L12.6038 11.7525C12.7602 11.5897 12.9497 11.4756 13.1721 11.4102C13.3945 11.3448 13.6256 11.3288 13.8654 11.3622L16.6423 11.9275C16.8948 11.9942 17.1009 12.123 17.2605 12.3141C17.4201 12.5051 17.5 12.7218 17.5 12.9641V16.2063C17.5 16.5063 17.399 16.7563 17.1972 16.9563C16.9954 17.1563 16.7431 17.2563 16.4403 17.2563ZM3.07305 6.0833L4.85768 4.3756C4.88973 4.34995 4.91056 4.3147 4.92018 4.26983C4.92979 4.22495 4.92819 4.18328 4.91538 4.14483L4.48075 1.9102C4.46793 1.85892 4.4455 1.82046 4.41345 1.79483C4.3814 1.76918 4.33973 1.75635 4.28845 1.75635H2.14997C2.11152 1.75635 2.07948 1.76918 2.05383 1.79483C2.02818 1.82046 2.01535 1.85251 2.01535 1.89098C2.06663 2.57431 2.17849 3.26855 2.35092 3.97368C2.52337 4.67881 2.76408 5.38202 3.07305 6.0833ZM11.773 14.7256C12.4359 15.0346 13.1272 15.2708 13.8471 15.4343C14.567 15.5977 15.2397 15.6948 15.8654 15.7256C15.9038 15.7256 15.9359 15.7128 15.9615 15.6871C15.9872 15.6615 16 15.6294 16 15.591V13.4871C16 13.4358 15.9872 13.3942 15.9615 13.3621C15.9359 13.3301 15.8974 13.3076 15.8461 13.2948L13.7461 12.8679C13.7077 12.8551 13.674 12.8535 13.6452 12.8631C13.6163 12.8727 13.5859 12.8935 13.5538 12.9256L11.773 14.7256Z\" fill=\"#102338\"><\/path><\/svg><\/span>\n\n\t\t\t\t<\/div>\n\t\t\n\t\t<\/div>\n\n\t\t\t\t\t<div class=\"absolute top-0 start-0 w-full h-full overflow-hidden z-2 lqd-transform-3d lqd-box-link\">\n\t\t\t\t<a href=\"tel:+48883080480\" class=\"inline-block w-full h-full absolute top-0 start-0 -indent-full\"><\/a>\n\t\t\t<\/div>\n\t\t\t\t\t\t<\/div>\n\t\t\t\t<\/div>\n\t\t\t\t<div class=\"elementor-element elementor-element-3cc2b2d0 elementor-widget__width-inherit lqd-box-separate-content-placement-start lqd-box-image-top elementor-widget elementor-widget-lqd-box lqd-widget-container-flex lqd-group-box\" data-id=\"3cc2b2d0\" data-element_type=\"widget\" data-widget_type=\"lqd-box.default\">\n\t\t\t\t<div class=\"elementor-widget-container\">\n\t\t\t\t\t\n\t\t<div class=\"lqd-box-content relative z-1 transition-all flex flex-row-reverse\">\n\n\t\t\t\n\t\t\t<div class=\"lqd-box-content-separate relative\">\n\t\t\t<h5 class=\"items-center relative mb-0 transition-effects lqd-box-title\">Adresse<\/h5><h6 class=\"items-center relative mt-0 mb-0 transition-effects lqd-box-subtitle\"><br>Starogardzka 33, <br>78-500 Drawsko Pomorskie<\/h6>\t\t\t<\/div>\n\t\t\t\t\t<div class=\"lqd-box-content-separate transition-all relative\">\n\t\t\n\t\t<span class=\"lqd-box-icon inline-flex shrink-0 grow-0 basis-auto items-center justify-center relative transition-all\">\n\t\t<span class=\"lqd-bg-layer lqd-animated-gradient-wrap lqd-bg-animated-gradient-wrap block w-full h-full rounded-inherit overflow-hidden elementor-repeater-item-5ef8d7e-3cc2b2d0 pointer-events-none lqd-bg-layer-box-icon absolute top-0 start-0 z-0\">\n\t\t\t<svg width=\"100\" height=\"100\" class=\"absolute top-0 start-0 w-full h-full\" preserveaspectratio=\"none\">\n\t\t\t\t<defs>\n\t\t\t\t\t<lineargradient id=\"lqd-bg-gradient-3cc2b2d0\" x1=\"0.088163490354232\" y1=\"0\" x2=\"0.91183650964577\" y2=\"1\">\n\t\t\t\t\t\t<stop offset=\"0%\" stop-color=\"#FFD84F\">\n\t\t\t\t\t\t\t<animate dur=\"8\" repeatcount=\"indefinite\" attributename=\"stop-color\" values=\"#FFD84F;#FFD84F\"><\/animate>\n\t\t\t\t\t\t<\/stop>\n\t\t\t\t\t\t<stop offset=\"100%\" stop-color=\"#FFD84F\">\n\t\t\t\t\t\t\t<animate dur=\"8\" repeatcount=\"indefinite\" attributename=\"stop-color\" values=\"#FFD84F;#FFD84F\"><\/animate>\n\t\t\t\t\t\t<\/stop>\n\t\t\t\t\t<\/lineargradient>\n\t\t\t\t<\/defs>\n\t\t\t\t<rect width=\"100%\" height=\"100%\" class=\"w-full h-full\" fill=\"url(#lqd-bg-gradient-3cc2b2d0)\" \/>\n\t\t\t<\/svg>\n\t\t<\/span>\n\n\t\t<svg xmlns=\"http:\/\/www.w3.org\/2000\/svg\" width=\"20\" height=\"21\" viewbox=\"0 0 20 21\" fill=\"none\"><path d=\"M5.975 15.7563L10 13.9313L14.025 15.7563L14.4 15.3813L10 4.75635L5.6 15.3813L5.975 15.7563ZM10 20.7563C8.61667 20.7563 7.31667 20.4938 6.1 19.9688C4.88333 19.4438 3.825 18.7313 2.925 17.8313C2.025 16.9313 1.3125 15.873 0.7875 14.6563C0.2625 13.4397 0 12.1397 0 10.7563C0 9.37301 0.2625 8.07301 0.7875 6.85635C1.3125 5.63968 2.025 4.58135 2.925 3.68135C3.825 2.78135 4.88333 2.06885 6.1 1.54385C7.31667 1.01885 8.61667 0.756348 10 0.756348C11.3833 0.756348 12.6833 1.01885 13.9 1.54385C15.1167 2.06885 16.175 2.78135 17.075 3.68135C17.975 4.58135 18.6875 5.63968 19.2125 6.85635C19.7375 8.07301 20 9.37301 20 10.7563C20 12.1397 19.7375 13.4397 19.2125 14.6563C18.6875 15.873 17.975 16.9313 17.075 17.8313C16.175 18.7313 15.1167 19.4438 13.9 19.9688C12.6833 20.4938 11.3833 20.7563 10 20.7563ZM10 18.7563C12.2333 18.7563 14.125 17.9813 15.675 16.4313C17.225 14.8813 18 12.9897 18 10.7563C18 8.52301 17.225 6.63135 15.675 5.08135C14.125 3.53135 12.2333 2.75635 10 2.75635C7.76667 2.75635 5.875 3.53135 4.325 5.08135C2.775 6.63135 2 8.52301 2 10.7563C2 12.9897 2.775 14.8813 4.325 16.4313C5.875 17.9813 7.76667 18.7563 10 18.7563Z\" fill=\"#102338\"><\/path><\/svg><\/span>\n\n\t\t\t\t<\/div>\n\t\t\n\t\t<\/div>\n\n\t\t\t\t\t\t<\/div>\n\t\t\t\t<\/div>\n\t\t\t\t<\/div>\n\t\t\t\t<\/div>\n\t\t<div class=\"elementor-element elementor-element-2a534988 e-con-full e-flex e-con e-child\" data-id=\"2a534988\" data-element_type=\"container\" data-settings=\"{&quot;background_background&quot;:&quot;classic&quot;}\">\n\t\t\t\t<div class=\"elementor-element elementor-element-5631e951 lqd-text-tag-h3 elementor-widget elementor-widget-lqd-text\" data-id=\"5631e951\" data-element_type=\"widget\" data-widget_type=\"lqd-text.default\">\n\t\t\t\t<div class=\"elementor-widget-container\">\n\t\t\t\t\t<h3 class=\"lqd-text-el m-0 p-0\"><span class=\"lqd-text-item relative elementor-repeater-item-058287c\">Nachricht senden<\/span><\/h3>\t\t\t\t<\/div>\n\t\t\t\t<\/div>\n\t\t\t\t<div class=\"elementor-element elementor-element-814c60a elementor-widget elementor-widget-wpforms\" data-id=\"814c60a\" data-element_type=\"widget\" data-widget_type=\"wpforms.default\">\n\t\t\t\t<div class=\"elementor-widget-container\">\n\t\t\t\t\t<div class=\"wpforms-container wpforms-container-full wpforms-render-modern\" id=\"wpforms-1640\"><form id=\"wpforms-form-1640\" class=\"wpforms-validate wpforms-form wpforms-ajax-form\" data-formid=\"1640\" method=\"post\" enctype=\"multipart\/form-data\" action=\"\/de\/wp-json\/wp\/v2\/pages\/1501\" data-token=\"188e920c59522b1668a31e96e7d9e516\" data-token-time=\"1776943589\" data-trp-original-action=\"\/de\/wp-json\/wp\/v2\/pages\/1501\"><noscript class=\"wpforms-error-noscript\">Bitte aktiviere JavaScript in deinem Browser, um dieses Formular fertigzustellen.<\/noscript><div id=\"wpforms-error-noscript\" style=\"display: none;\">Bitte aktiviere JavaScript in deinem Browser, um dieses Formular fertigzustellen.<\/div><div class=\"wpforms-field-container\">\t\t<div id=\"wpforms-1640-field_4-container\"\n\t\t\tclass=\"wpforms-field wpforms-field-text\"\n\t\t\tdata-field-type=\"text\"\n\t\t\tdata-field-id=\"4\"\n\t\t\t>\n\t\t\t<label class=\"wpforms-field-label\" for=\"wpforms-1640-field_4\" >Email  Wiadomo\u015b\u0107<\/label>\n\t\t\t<input type=\"text\" id=\"wpforms-1640-field_4\" class=\"wpforms-field-medium\" name=\"wpforms[fields][4]\" >\n\t\t<\/div>\n\t\t<div id=\"wpforms-1640-field_1-container\" class=\"wpforms-field wpforms-field-name\" data-field-id=\"1\"><label class=\"wpforms-field-label\" for=\"wpforms-1640-field_1\">Vorname <span class=\"wpforms-required-label\" aria-hidden=\"true\">*<\/span><\/label><input type=\"text\" id=\"wpforms-1640-field_1\" class=\"wpforms-field-large wpforms-field-required\" name=\"wpforms[fields][1]\" aria-errormessage=\"wpforms-1640-field_1-error\" required><\/div><div id=\"wpforms-1640-field_2-container\" class=\"wpforms-field wpforms-field-email\" data-field-id=\"2\"><label class=\"wpforms-field-label\" for=\"wpforms-1640-field_2\">E-Mail-Adresse  <span class=\"wpforms-required-label\" aria-hidden=\"true\">*<\/span><\/label><input type=\"email\" id=\"wpforms-1640-field_2\" class=\"wpforms-field-large wpforms-field-required\" name=\"wpforms[fields][2]\" spellcheck=\"false\" aria-errormessage=\"wpforms-1640-field_2-error\" required><\/div><div id=\"wpforms-1640-field_3-container\" class=\"wpforms-field wpforms-field-textarea\" data-field-id=\"3\"><label class=\"wpforms-field-label\" for=\"wpforms-1640-field_3\">Nachricht<\/label><textarea id=\"wpforms-1640-field_3\" class=\"wpforms-field-large\" name=\"wpforms[fields][3]\" aria-errormessage=\"wpforms-1640-field_3-error\" ><\/textarea><\/div><script>\n\t\t\t\t( function() {\n\t\t\t\t\tconst style = document.createElement( 'style' );\n\t\t\t\t\tstyle.appendChild( document.createTextNode( '#wpforms-1640-field_4-container { position: absolute !important; overflow: hidden !important; display: inline !important; height: 1px !important; width: 1px !important; z-index: -1000 !important; padding: 0 !important; } #wpforms-1640-field_4-container input { visibility: hidden; } #wpforms-conversational-form-page #wpforms-1640-field_4-container label { counter-increment: none; }' ) );\n\t\t\t\t\tdocument.head.appendChild( style );\n\t\t\t\t\tdocument.currentScript?.remove();\n\t\t\t\t} )();\n\t\t\t<\/script><\/div><!-- .wpforms-field-container --><div class=\"wpforms-submit-container\" ><input type=\"hidden\" name=\"wpforms[id]\" value=\"1640\"><input type=\"hidden\" name=\"page_title\" value=\"\"><input type=\"hidden\" name=\"page_url\" value=\"https:\/\/milicoresystem.com\/de\/wp-json\/wp\/v2\/pages\/1501\"><input type=\"hidden\" name=\"url_referer\" value=\"\"><button type=\"submit\" name=\"wpforms[submit]\" id=\"wpforms-submit-1640\" class=\"wpforms-submit\" data-alt-text=\"Wysy\u0142anie...\" data-submit-text=\"Wy\u015blij\" aria-live=\"assertive\" value=\"wpforms-submit\">Senden<\/button><img decoding=\"async\" src=\"https:\/\/milicoresystem.com\/wp-content\/plugins\/wpforms\/assets\/images\/submit-spin.svg\" class=\"wpforms-submit-spinner\" style=\"display: none;\" width=\"26\" height=\"26\" alt=\"Wird geladen\"><\/div><input type=\"hidden\" name=\"trp-form-language\" value=\"de\"\/><\/form><\/div>  <!-- .wpforms-container -->\t\t\t\t<\/div>\n\t\t\t\t<\/div>\n\t\t\t\t<\/div>\n\t\t\t\t\t<\/div>\n\t\t\t\t<\/div>\n\t\t\t\t<\/div>","protected":false},"excerpt":{"rendered":"<p>Zadzwo\u0144 lub wype\u0142nij formularz MILICORE SP. Z O.O. NIP: 8952285936 KRS: 0001166250 Mail: office@milicoresystem.com Telefon +48 883 080 480 Adres Starogardzka 33, 78-500 Drawsko Pomorskie Wy\u015blij wiadomo\u015b\u0107 Aby wype\u0142ni\u0107 ten formularz, w\u0142\u0105cz obs\u0142ug\u0119 JavaScript w przegl\u0105darce.Aby wype\u0142ni\u0107 ten formularz, w\u0142\u0105cz obs\u0142ug\u0119 JavaScript w przegl\u0105darce.Imi\u0119 *Adres Email *Wiadomo\u015b\u0107 Wy\u015blij<\/p>","protected":false},"author":1,"featured_media":0,"parent":0,"menu_order":0,"comment_status":"closed","ping_status":"closed","template":"","meta":{"footnotes":""},"class_list":["post-1501","page","type-page","status-publish","hentry"],"_links":{"self":[{"href":"https:\/\/milicoresystem.com\/de\/wp-json\/wp\/v2\/pages\/1501","targetHints":{"allow":["GET"]}}],"collection":[{"href":"https:\/\/milicoresystem.com\/de\/wp-json\/wp\/v2\/pages"}],"about":[{"href":"https:\/\/milicoresystem.com\/de\/wp-json\/wp\/v2\/types\/page"}],"author":[{"embeddable":true,"href":"https:\/\/milicoresystem.com\/de\/wp-json\/wp\/v2\/users\/1"}],"replies":[{"embeddable":true,"href":"https:\/\/milicoresystem.com\/de\/wp-json\/wp\/v2\/comments?post=1501"}],"version-history":[{"count":58,"href":"https:\/\/milicoresystem.com\/de\/wp-json\/wp\/v2\/pages\/1501\/revisions"}],"predecessor-version":[{"id":1682,"href":"https:\/\/milicoresystem.com\/de\/wp-json\/wp\/v2\/pages\/1501\/revisions\/1682"}],"wp:attachment":[{"href":"https:\/\/milicoresystem.com\/de\/wp-json\/wp\/v2\/media?parent=1501"}],"curies":[{"name":"wp","href":"https:\/\/api.w.org\/{rel}","templated":true}]}}